{"id":21,"date":"2015-02-05T06:38:09","date_gmt":"2015-02-05T05:38:09","guid":{"rendered":"http:\/\/kolpingtheater-woerth.de\/?page_id=21"},"modified":"2026-02-02T10:34:10","modified_gmt":"2026-02-02T09:34:10","slug":"impressum","status":"publish","type":"page","link":"https:\/\/kolpingtheater-woerth.de\/?page_id=21","title":{"rendered":"Impressum"},"content":{"rendered":"<p>Impressum<br \/>Kolpingtheater W\u00f6rth<br \/>Vorsitzende: Julia Hollrieder, Monika Rothermund<br \/>Stellv. Vorsitzende: Andrea Audinger<\/p>\n<p>Kolpingtheater W\u00f6rth<br \/>Schlo\u00dfstrasse 2<br \/>93086 W\u00f6rth an der Donau<\/p>\n<p>E-Mail: kolpingtheater-woerth@web.de<\/p>\n<p>Disclaimer<\/p>\n<p>Diese Webseite beinhaltet externe Links. Deren Inhalte entziehen sich unserer Einflussnahme, sodass eine Gew\u00e4hr f\u00fcr solche Inhalte von uns nicht \u00fcbernommen werden kann.<\/p>\n<p>Die Verantwortung liegt stets beim jeweiligen Betreiber der externen Seiten. Zum Zeitpunkt der Verkn\u00fcpfung der externen Links waren keine Rechtsverst\u00f6\u00dfe ersichtlich. Die permanente \u00dcberwachung fremder Inhalte auf Rechtsverst\u00f6\u00dfe ohne konkrete Hinweise ist uns nicht zumutbar.<\/p>\n<p>Sollten wir Kenntnis von Rechtsverletzungen erlangen, werden wir die entsprechenden externen Links unverz\u00fcglich entfernen.<\/p>\n\n\n<p><\/p>\n","protected":false},"excerpt":{"rendered":"<p>ImpressumKolpingtheater W\u00f6rthVorsitzende: Julia Hollrieder, Monika RothermundStellv. Vorsitzende: Andrea Audinger Kolpingtheater W\u00f6rthSchlo\u00dfstrasse 293086 W\u00f6rth an der Donau E-Mail: kolpingtheater-woerth@web.de Disclaimer Diese Webseite beinhaltet externe Links. Deren Inhalte entziehen sich unserer Einflussnahme, sodass eine Gew\u00e4hr f\u00fcr solche Inhalte von uns nicht \u00fcbernommen werden kann. Die Verantwortung liegt stets beim jeweiligen Betreiber der externen Seiten. Zum Zeitpunkt der [&hellip;]<\/p>\n","protected":false},"author":4,"featured_media":0,"parent":52,"menu_order":10,"comment_status":"closed","ping_status":"closed","template":"","meta":{"_exactmetrics_skip_tracking":false,"_exactmetrics_sitenote_active":false,"_exactmetrics_sitenote_note":"","_exactmetrics_sitenote_category":0,"footnotes":""},"class_list":["post-21","page","type-page","status-publish","hentry","post-preview"],"_links":{"self":[{"href":"https:\/\/kolpingtheater-woerth.de\/index.php?rest_route=\/wp\/v2\/pages\/21","targetHints":{"allow":["GET"]}}],"collection":[{"href":"https:\/\/kolpingtheater-woerth.de\/index.php?rest_route=\/wp\/v2\/pages"}],"about":[{"href":"https:\/\/kolpingtheater-woerth.de\/index.php?rest_route=\/wp\/v2\/types\/page"}],"author":[{"embeddable":true,"href":"https:\/\/kolpingtheater-woerth.de\/index.php?rest_route=\/wp\/v2\/users\/4"}],"replies":[{"embeddable":true,"href":"https:\/\/kolpingtheater-woerth.de\/index.php?rest_route=%2Fwp%2Fv2%2Fcomments&post=21"}],"version-history":[{"count":7,"href":"https:\/\/kolpingtheater-woerth.de\/index.php?rest_route=\/wp\/v2\/pages\/21\/revisions"}],"predecessor-version":[{"id":1815,"href":"https:\/\/kolpingtheater-woerth.de\/index.php?rest_route=\/wp\/v2\/pages\/21\/revisions\/1815"}],"up":[{"embeddable":true,"href":"https:\/\/kolpingtheater-woerth.de\/index.php?rest_route=\/wp\/v2\/pages\/52"}],"wp:attachment":[{"href":"https:\/\/kolpingtheater-woerth.de\/index.php?rest_route=%2Fwp%2Fv2%2Fmedia&parent=21"}],"curies":[{"name":"wp","href":"https:\/\/api.w.org\/{rel}","templated":true}]}}